{"id":16216,"date":"2015-09-21T11:43:53","date_gmt":"2015-09-21T09:43:53","guid":{"rendered":"https:\/\/www.holiday-taxi.at\/neu\/taxi-transfer-von-innsbruck-flughafen-nach-soelden-2\/"},"modified":"2024-01-11T16:02:37","modified_gmt":"2024-01-11T15:02:37","slug":"taxi-transfer-van-luchthaven-innsbruck-naar-soelden","status":"publish","type":"page","link":"https:\/\/www.holiday-taxi.at\/nl\/taxi-transfer-van-luchthaven-innsbruck-naar-soelden\/","title":{"rendered":"Taxi &#038; Transfer van luchthaven Innsbruck naar S\u00f6lden"},"content":{"rendered":"<p>[vc_row bg_color=&#8221;#f9f9f9&#8243; top_padding=&#8221;60&#8243; bottom_padding=&#8221;60&#8243; bg_position=&#8221;left top&#8221;][vc_column width=&#8221;1\/1&#8243;]<h2 class=\"headline font-special fontsize-xxxl fontweight-600 lh-12 align-center transform-uppercase \" style=\"margin: 0 0 20px 0; color: #777777;\">Innsbruck Airport (INN) &#8211; S\u00f6lden \u20ac 172.-<\/p>\n<\/h2><div class=\"single_image wpb_content_element align-left    \" data-animation=\"none\" data-delay=\"0\"><img width=\"1160\" height=\"450\" src=\"https:\/\/www.holiday-taxi.at\/wp-content\/uploads\/2015\/09\/taxi-innsbruck-airport-soelden-2.jpg\" class=\"attachment-full\" alt=\"\" decoding=\"async\" loading=\"lazy\" srcset=\"https:\/\/www.holiday-taxi.at\/wp-content\/uploads\/2015\/09\/taxi-innsbruck-airport-soelden-2.jpg 1160w, https:\/\/www.holiday-taxi.at\/wp-content\/uploads\/2015\/09\/taxi-innsbruck-airport-soelden-2-300x116.jpg 300w, https:\/\/www.holiday-taxi.at\/wp-content\/uploads\/2015\/09\/taxi-innsbruck-airport-soelden-2-768x298.jpg 768w, https:\/\/www.holiday-taxi.at\/wp-content\/uploads\/2015\/09\/taxi-innsbruck-airport-soelden-2-1024x397.jpg 1024w, https:\/\/www.holiday-taxi.at\/wp-content\/uploads\/2015\/09\/taxi-innsbruck-airport-soelden-2-125x48.jpg 125w, https:\/\/www.holiday-taxi.at\/wp-content\/uploads\/2015\/09\/taxi-innsbruck-airport-soelden-2-75x29.jpg 75w\" sizes=\"(max-width: 1160px) 100vw, 1160px\" \/><\/div>[\/vc_column][\/vc_row][vc_row bg_color=&#8221;#f9f9f9&#8243; top_padding=&#8221;40&#8243; bottom_padding=&#8221;40&#8243;][vc_column width=&#8221;1\/4&#8243;][vc_column_text]<\/p>\n<p><img decoding=\"async\" loading=\"lazy\" class=\"alignnone wp-image-15835 size-full\" title=\"flughafen innsbruck soelden transport\" src=\"https:\/\/www.holiday-taxi.at\/wp-content\/uploads\/2015\/09\/flughafen-innsbruck-soelden-transport.png\" alt=\"flughafen innsbruck soelden transport\" width=\"153\" height=\"118\" srcset=\"https:\/\/www.holiday-taxi.at\/wp-content\/uploads\/2015\/09\/flughafen-innsbruck-soelden-transport.png 153w, https:\/\/www.holiday-taxi.at\/wp-content\/uploads\/2015\/09\/flughafen-innsbruck-soelden-transport-125x96.png 125w, https:\/\/www.holiday-taxi.at\/wp-content\/uploads\/2015\/09\/flughafen-innsbruck-soelden-transport-75x58.png 75w\" sizes=\"(max-width: 153px) 100vw, 153px\" \/><\/p>\n<p>[\/vc_column_text][\/vc_column][vc_column width=&#8221;3\/4&#8243;][vc_column_text]<\/p>\n<p>U heeft nog geen transfer van luchthaven Innsbruck naar het wereldberoemde S\u00f6lden geboekt? U bent op zoek naar een snelle, veilige en comfortabele taxi die u naar uw droombestemming brengt? Geen probleem, wij staan 24 uur per dag 7 dagen in de week voor u klaar. Bel ons gewoon even op. Het skigebied van S\u00f6lden in het \u00d6tztal biedt met 145,5 pistenkilometer in verschillende categorie\u00ebn en 33 skiliften voor ieder wat wils. Wereldbeker hotspot S\u00f6lden biedt van oktober tot en met mei absolute sneeuwgarantie. Daarnaast vindt u in S\u00f6lden hoogwaardige onderkomens en een bruisend nachtleven.<\/p>\n<p>[\/vc_column_text][\/vc_column][\/vc_row][vc_row top_padding=&#8221;30&#8243; bottom_padding=&#8221;30&#8243;][vc_column width=&#8221;1\/1&#8243;]<div class=\"alert-message success\"><div>Speciale traktatie voor jou! Reserveer je rit in deze week van januari online en ontvang een exclusief gratis cadeautje.<\/div><\/div>[\/vc_column][\/vc_row][vc_row top_padding=&#8221;30&#8243; bottom_padding=&#8221;30&#8243;][vc_column width=&#8221;1\/1&#8243;][vc_column_text]<\/p>\n<style type=\"text\/css\">\r\n       .errordiv { padding:10px; margin:10px; border: 1px solid #555555;color: #000000;background-color: #f8f8f8; width:500px; }#advanced_iframe {visibility:visible;opacity:1;}#ai-layer-div-advanced_iframe p {height:100%;margin:0;padding:0}#ai-div-container-advanced_iframe\r\n       { \r\n           position: relative;\r\n           width: 100%; max-width: 100%;}\r\n       #ai-div-loader-advanced_iframe\r\n       {\r\n          position: absolute;\r\n          z-index:1000;\r\n          margin-left:-33px;\r\n          left: 50%;   top: 150px;\r\n         }#ai-div-loader-advanced_iframe img\r\n       {\r\n          border: none;\r\n       }<\/style><script type=\"text\/javascript\">   var ai_iframe_width_advanced_iframe = 0;   var ai_iframe_height_advanced_iframe = 0;var aiIsIe8=false;\r\nif (typeof aiReadyCallbacks === 'undefined') {\r\n    var aiReadyCallbacks = [];  \r\n} else if (!(aiReadyCallbacks instanceof Array)) {\r\n    var aiReadyCallbacks = [];\r\n}var onloadFiredadvanced_iframe = false;     function aiShowIframe() { jQuery(\"#advanced_iframe\").css(\"visibility\", \"visible\");    }    function aiShowIframeId(id_iframe) { jQuery(\"#\"+id_iframe).css(\"visibility\", \"visible\");    }    function aiResizeIframeHeight(height) { aiResizeIframeHeight(height,advanced_iframe); }    function aiResizeIframeHeightId(height,width,id) {aiResizeIframeHeightById(id,height);}<\/script><div id=\"ai-div-container-advanced_iframe\"><div id=\"ai-div-loader-advanced_iframe\"><img src=\"https:\/\/www.holiday-taxi.at\/wp-content\/plugins\/advanced-iframe\/img\/loader.gif\" width=\"66\" height=\"66\" title=\"Loading\" alt=\"Loading\"><\/div><iframe id='advanced_iframe'  name='advanced_iframe'  src='\/neu\/booking\/form_enorte.php?fromid=IA&amp;toid=212&amp;pax=4&amp;yon=1'  width='100%'  scrolling='no'  frameborder='0'  border='0'  allowtransparency='true'  style='max-width:100%;'  onload=';jQuery(&quot;#ai-div-loader-advanced_iframe&quot;).hide();;aiResizeIframe(this, &quot;false&quot;,&quot;1&quot;);' ><\/iframe><\/div><script type=\"text\/javascript\">\r\n          var ifrm_advanced_iframe = document.getElementById(\"advanced_iframe\");var hiddenTabsDoneadvanced_iframe = false;\r\nfunction resizeCallbackadvanced_iframe() {}function aiChangeUrl(loc) {}<\/script><script type=\"text\/javascript\">\r\n        var recalculateIframeResizeadvanced_iframe = 0;\r\n        var recalculateIframeOrientationchangeadvanced_iframe = 0;\r\n        function recalculateIframeadvanced_iframe() {\r\n          clearTimeout(recalculateIframeResizeadvanced_iframe);\r\n          clearTimeout(recalculateIframeOrientationchangeadvanced_iframe);aiResizeIframe(ifrm_advanced_iframe, \"false\",\"1\");}  \r\n        function initResponsiveIframeadvanced_iframe() {\r\n          jQuery(window).resize(function() {\r\n             recalculateIframeResize = window.setTimeout(\"recalculateIframeadvanced_iframe()\",100);\r\n          });\r\n          if (window.addEventListener) {\r\n            window.addEventListener(\"orientationchange\", function() {\r\n               recalculateIframeOrientationchange = window.setTimeout(\"recalculateIframeadvanced_iframe()\",100);\r\n            }, false);\r\n          }\r\n        }\r\n        aiReadyCallbacks.push(initResponsiveIframeadvanced_iframe);\r\n        <\/script>\n<p>[\/vc_column_text][\/vc_column][\/vc_row][vc_row bg_color=&#8221;#ffffff&#8221; top_padding=&#8221;50&#8243; bottom_padding=&#8221;100&#8243; bg_position=&#8221;left top&#8221;][vc_column width=&#8221;1\/1&#8243;]<h3 class=\"headline font-special fontsize-l fontweight-700 lh-inherit align-center transform-uppercase ls-1\" style=\"margin: 0 0 20px 0;\">RECENSIE<br \/>\n<\/h3>[vc_column_text]<\/p>\n<p>[show-testimonials orderby=&#8217;menu_order&#8217; order=&#8217;ASC&#8217; layout=&#8217;slider&#8217; options=&#8217;transition:vertical,adaptive:false,controls:pager,pause:4000,auto:on,columns:1,theme:card,info-position:info-below,text-alignment:center,rating:on,quote-content:short,charlimitextra: (&#8230;),image-size:ttshowcase_small,image-shape:circle,image-effect:none,image-link:on,richsnippets:false&#8217;]<\/p>\n<p>[\/vc_column_text][\/vc_column][\/vc_row][vc_row type=&#8221;full_width_section&#8221;][vc_column width=&#8221;1\/1&#8243;]<div class=\"callout clearfix\" style=\"background-color:#1cbac8; color:#ffffff;\">\n\t\t<div class=\"callout-text\">\n<p>Je kan een geschikte overdracht niet vinden?<\/p>\n<\/div>\n\t\t\t<div class=\"callout-button\"><a class=\"button medium color-6\" href=\"\/nl\/contact\/\" target=\"_self\">Contact<\/a><\/div>\n\t\t<\/div>[\/vc_column][\/vc_row]<\/p>\n","protected":false},"excerpt":{"rendered":"<p>[vc_row bg_color=&#8221;#f9f9f9&#8243; top_padding=&#8221;60&#8243; bottom_padding=&#8221;60&#8243; bg_position=&#8221;left top&#8221;][vc_column width=&#8221;1\/1&#8243;][\/vc_column][\/vc_row][vc_row bg_color=&#8221;#f9f9f9&#8243; top_padding=&#8221;40&#8243; bottom_padding=&#8221;40&#8243;][vc_column width=&#8221;1\/4&#8243;][vc_column_text] [\/vc_column_text][\/vc_column][vc_column width=&#8221;3\/4&#8243;][vc_column_text] U heeft nog geen transfer van luchthaven Innsbruck naar het wereldberoemde S\u00f6lden geboekt? U bent op zoek naar een snelle, veilige en comfortabele taxi die u naar uw droombestemming brengt? Geen probleem, wij staan 24 uur per dag 7 dagen in de week voor u klaar. Bel ons gewoon even op. Het skigebied van S\u00f6lden in het \u00d6tztal biedt met 145,5 pistenkilometer in verschillende categorie\u00ebn en 33 skiliften voor ieder wat wils. Wereldbeker hotspot S\u00f6lden biedt van oktober tot en met mei absolute sneeuwgarantie. Daarnaast vindt u in S\u00f6lden hoogwaardige onderkomens en een bruisend nachtleven. [\/vc_column_text][\/vc_column][\/vc_row][vc_row top_padding=&#8221;30&#8243; bottom_padding=&#8221;30&#8243;][vc_column width=&#8221;1\/1&#8243;][\/vc_column][\/vc_row][vc_row top_padding=&#8221;30&#8243; bottom_padding=&#8221;30&#8243;][vc_column width=&#8221;1\/1&#8243;][vc_column_text] [\/vc_column_text][\/vc_column][\/vc_row][vc_row bg_color=&#8221;#ffffff&#8221; top_padding=&#8221;50&#8243; bottom_padding=&#8221;100&#8243; bg_position=&#8221;left top&#8221;][vc_column width=&#8221;1\/1&#8243;][vc_column_text] [show-testimonials orderby=&#8217;menu_order&#8217; order=&#8217;ASC&#8217; layout=&#8217;slider&#8217; options=&#8217;transition:vertical,adaptive:false,controls:pager,pause:4000,auto:on,columns:1,theme:card,info-position:info-below,text-alignment:center,rating:on,quote-content:short,charlimitextra: (&#8230;),image-size:ttshowcase_small,image-shape:circle,image-effect:none,image-link:on,richsnippets:false&#8217;] [\/vc_column_text][\/vc_column][\/vc_row][vc_row type=&#8221;full_width_section&#8221;][vc_column width=&#8221;1\/1&#8243;][\/vc_column][\/vc_row]<\/p>\n","protected":false},"author":1,"featured_media":0,"parent":0,"menu_order":0,"comment_status":"closed","ping_status":"closed","template":"","meta":[],"_links":{"self":[{"href":"https:\/\/www.holiday-taxi.at\/nl\/wp-json\/wp\/v2\/pages\/16216\/"}],"collection":[{"href":"https:\/\/www.holiday-taxi.at\/nl\/wp-json\/wp\/v2\/pages\/"}],"about":[{"href":"https:\/\/www.holiday-taxi.at\/nl\/wp-json\/wp\/v2\/types\/page\/"}],"author":[{"embeddable":true,"href":"https:\/\/www.holiday-taxi.at\/nl\/wp-json\/wp\/v2\/users\/1\/"}],"replies":[{"embeddable":true,"href":"https:\/\/www.holiday-taxi.at\/nl\/wp-json\/wp\/v2\/comments\/?post=16216"}],"version-history":[{"count":3,"href":"https:\/\/www.holiday-taxi.at\/nl\/wp-json\/wp\/v2\/pages\/16216\/revisions\/"}],"predecessor-version":[{"id":17641,"href":"https:\/\/www.holiday-taxi.at\/nl\/wp-json\/wp\/v2\/pages\/16216\/revisions\/17641\/"}],"wp:attachment":[{"href":"https:\/\/www.holiday-taxi.at\/nl\/wp-json\/wp\/v2\/media\/?parent=16216"}],"curies":[{"name":"wp","href":"https:\/\/api.w.org\/{rel}","templated":true}]}}